{"id":20246,"date":"2023-01-23T11:09:51","date_gmt":"2023-01-23T08:09:51","guid":{"rendered":"https:\/\/inoven.com.tr\/tasarim-ve-gelistirme-sureci\/"},"modified":"2024-07-23T09:50:23","modified_gmt":"2024-07-23T06:50:23","slug":"tasarim-ve-gelistirme-sureci","status":"publish","type":"page","link":"https:\/\/inoven.com.tr\/tr\/tasarim-ve-gelistirme-sureci\/","title":{"rendered":"Tasar\u0131m ve geli\u015ftirme s\u00fcreci"},"content":{"rendered":"\t\t<div data-elementor-type=\"wp-page\" data-elementor-id=\"20246\" class=\"elementor elementor-20246 elementor-14541\" data-elementor-post-type=\"page\">\n\t\t\t\t\t\t<section class=\"wd-negative-gap elementor-section elementor-top-section elementor-element elementor-element-a7f7059 elementor-section-full_width elementor-section-height-min-height elementor-section-stretched elementor-section-height-default elementor-section-items-middle\" data-id=\"a7f7059\" data-element_type=\"section\" data-settings=\"{&quot;stretch_section&quot;:&quot;section-stretched&quot;,&quot;background_background&quot;:&quot;classic&quot;}\">\n\t\t\t\t\t\t\t<div class=\"elementor-background-overlay\"><\/div>\n\t\t\t\t\t\t\t<div class=\"elementor-container elementor-column-gap-custom\">\n\t\t\t\t\t<div class=\"elementor-column elementor-col-100 elementor-top-column elementor-element elementor-element-ed0929c\" data-id=\"ed0929c\" data-element_type=\"column\">\n\t\t\t<div class=\"elementor-widget-wrap elementor-element-populated\">\n\t\t\t\t\t\t<div class=\"elementor-element elementor-element-cdabe53 wd-width-100 elementor-widget elementor-widget-wd_title\" data-id=\"cdabe53\" data-element_type=\"widget\" data-widget_type=\"wd_title.default\">\n\t\t\t\t<div class=\"elementor-widget-container\">\n\t\t\t\t\t\t\t<div class=\"title-wrapper wd-set-mb reset-last-child wd-title-color-default wd-title-style-default wd-title-size-extra-large text-center\">\n\n\t\t\t\n\t\t\t<div class=\"liner-continer\">\n\t\t\t\t<h4 class=\"woodmart-title-container title wd-fontsize-xxxl\">\u0130novasyon ve \u0130lerleme S\u00fcreci<\/h4> \n\t\t\t\t\t\t\t<\/div>\n\n\t\t\t\t\t\t\t<div class=\"title-after_title reset-last-child wd-fontsize-s\">\n\t\t\t\t\t<p>M\u00fc\u015fterilerin \u00fcretim s\u00fcre\u00e7lerini d\u00fczene sokmalar\u0131na ve kar\u015f\u0131la\u015fabilecekleri her t\u00fcrl\u00fc zorlu\u011fa en uygun \u00e7\u00f6z\u00fcmleri \u00fcretmelerine yard\u0131mc\u0131 olmaya kendimizi ad\u0131yoruz..<\/p>\t\t\t\t<\/div>\n\t\t\t\t\t<\/div>\n\t\t\t\t\t\t<\/div>\n\t\t\t\t<\/div>\n\t\t\t\t\t<\/div>\n\t\t<\/div>\n\t\t\t\t\t<\/div>\n\t\t<\/section>\n\t\t\t\t<section class=\"wd-negative-gap elementor-section elementor-top-section elementor-element elementor-element-2ec51a9d elementor-section-content-middle elementor-section-boxed elementor-section-height-default elementor-section-height-default\" data-id=\"2ec51a9d\" data-element_type=\"section\">\n\t\t\t\t\t\t<div class=\"elementor-container elementor-column-gap-default\">\n\t\t\t\t\t<div class=\"elementor-column elementor-col-100 elementor-top-column elementor-element elementor-element-e283e03\" data-id=\"e283e03\" data-element_type=\"column\">\n\t\t\t<div class=\"elementor-widget-wrap elementor-element-populated\">\n\t\t\t\t\t\t<div class=\"elementor-element elementor-element-6d2a8d34 wd-width-100 elementor-widget elementor-widget-wd_title\" data-id=\"6d2a8d34\" data-element_type=\"widget\" data-widget_type=\"wd_title.default\">\n\t\t\t\t<div class=\"elementor-widget-container\">\n\t\t\t\t\t\t\t<div class=\"title-wrapper wd-set-mb reset-last-child wd-title-color-default wd-title-style-default wd-title-size-medium text-left\">\n\n\t\t\t\n\t\t\t<div class=\"liner-continer\">\n\t\t\t\t<h4 class=\"woodmart-title-container title wd-fontsize-xl\"><\/h4> \n\t\t\t\t\t\t\t<\/div>\n\n\t\t\t\t\t<\/div>\n\t\t\t\t\t\t<\/div>\n\t\t\t\t<\/div>\n\t\t\t\t<div class=\"elementor-element elementor-element-63a3663 elementor-widget elementor-widget-wd_text_block\" data-id=\"63a3663\" data-element_type=\"widget\" data-widget_type=\"wd_text_block.default\">\n\t\t\t\t<div class=\"elementor-widget-container\">\n\t\t\t\t\t\t\t<div class=\"wd-text-block reset-last-child text-left\">\n\t\t\t\n\t\t\t<p>Firmam\u0131zda, f\u0131r\u0131nlar\u0131m\u0131z\u0131n \u00fcst\u00fcn kalitede olmas\u0131n\u0131 ve m\u00fc\u015fteri taleplerini kar\u015f\u0131layacak \u015fekilde uyarlanmas\u0131n\u0131 sa\u011flayan bir \u00fcretim ve geli\u015ftirme s\u00fcrecine sahibiz ve bu yap\u0131y\u0131 korumaktay\u0131z. S\u00fcrecimiz, m\u00fc\u015fteri ihtiya\u00e7lar\u0131, pazar e\u011filimleri ve geli\u015fmekte olan teknolojiler hakk\u0131nda derin bir anlay\u0131\u015f kazanmak i\u00e7in kapsaml\u0131 ara\u015ft\u0131rma ve geli\u015ftirmeyi i\u00e7ermektedir. Her daim yeni fikirlerin ve modellerin \u00fcretilmesinde m\u00fchendislerimiz, tasar\u0131mc\u0131lar\u0131m\u0131z ve tedarik\u00e7ilerimizle yo\u011fun bir ileti\u015fim s\u00fcreci i\u00e7erisindeyiz.<\/p>\n\t\t\t\t\t<\/div>\n\t\t\t\t\t\t<\/div>\n\t\t\t\t<\/div>\n\t\t\t\t\t<\/div>\n\t\t<\/div>\n\t\t\t\t\t<\/div>\n\t\t<\/section>\n\t\t\t\t<section class=\"wd-negative-gap elementor-section elementor-top-section elementor-element elementor-element-46941b8 elementor-section-boxed elementor-section-height-default elementor-section-height-default\" data-id=\"46941b8\" data-element_type=\"section\">\n\t\t\t\t\t\t<div class=\"elementor-container elementor-column-gap-default\">\n\t\t\t\t\t<div class=\"elementor-column elementor-col-50 elementor-top-column elementor-element elementor-element-ad00965\" data-id=\"ad00965\" data-element_type=\"column\">\n\t\t\t<div class=\"elementor-widget-wrap elementor-element-populated\">\n\t\t\t\t\t\t<div class=\"elementor-element elementor-element-ccaa0b4 elementor-widget elementor-widget-image\" data-id=\"ccaa0b4\" data-element_type=\"widget\" data-widget_type=\"image.default\">\n\t\t\t\t<div class=\"elementor-widget-container\">\n\t\t\t\t\t\t\t\t\t\t\t\t\t\t\t<img decoding=\"async\" width=\"400\" height=\"160\" src=\"https:\/\/inoven.com.tr\/wp-content\/uploads\/2023\/07\/AYFA-400x160.png\" class=\"attachment-medium size-medium wp-image-19641\" alt=\"\" srcset=\"https:\/\/inoven.com.tr\/wp-content\/uploads\/2023\/07\/AYFA-400x160.png 400w, https:\/\/inoven.com.tr\/wp-content\/uploads\/2023\/07\/AYFA-1300x519.png 1300w, https:\/\/inoven.com.tr\/wp-content\/uploads\/2023\/07\/AYFA-768x307.png 768w, https:\/\/inoven.com.tr\/wp-content\/uploads\/2023\/07\/AYFA.png 1500w\" sizes=\"(max-width: 400px) 100vw, 400px\" \/>\t\t\t\t\t\t\t\t\t\t\t\t\t\t\t<\/div>\n\t\t\t\t<\/div>\n\t\t\t\t\t<\/div>\n\t\t<\/div>\n\t\t\t\t<div class=\"elementor-column elementor-col-50 elementor-top-column elementor-element elementor-element-15e8718\" data-id=\"15e8718\" data-element_type=\"column\">\n\t\t\t<div class=\"elementor-widget-wrap elementor-element-populated\">\n\t\t\t\t\t\t<div class=\"elementor-element elementor-element-ce749ad elementor-widget elementor-widget-image\" data-id=\"ce749ad\" data-element_type=\"widget\" data-widget_type=\"image.default\">\n\t\t\t\t<div class=\"elementor-widget-container\">\n\t\t\t\t\t\t\t\t\t\t\t\t\t\t\t<img decoding=\"async\" width=\"1300\" height=\"365\" src=\"https:\/\/inoven.com.tr\/wp-content\/uploads\/2023\/07\/logoffff-1300x365.png\" class=\"attachment-large size-large wp-image-19645\" alt=\"\" srcset=\"https:\/\/inoven.com.tr\/wp-content\/uploads\/2023\/07\/logoffff-1300x365.png 1300w, https:\/\/inoven.com.tr\/wp-content\/uploads\/2023\/07\/logoffff-400x112.png 400w, https:\/\/inoven.com.tr\/wp-content\/uploads\/2023\/07\/logoffff-768x215.png 768w, https:\/\/inoven.com.tr\/wp-content\/uploads\/2023\/07\/logoffff-1536x431.png 1536w, https:\/\/inoven.com.tr\/wp-content\/uploads\/2023\/07\/logoffff.png 2000w\" sizes=\"(max-width: 1300px) 100vw, 1300px\" \/>\t\t\t\t\t\t\t\t\t\t\t\t\t\t\t<\/div>\n\t\t\t\t<\/div>\n\t\t\t\t\t<\/div>\n\t\t<\/div>\n\t\t\t\t\t<\/div>\n\t\t<\/section>\n\t\t\t\t<section class=\"wd-negative-gap elementor-section elementor-top-section elementor-element elementor-element-82caf97 elementor-section-stretched elementor-section-boxed elementor-section-height-default elementor-section-height-default\" data-id=\"82caf97\" data-element_type=\"section\" data-settings=\"{&quot;stretch_section&quot;:&quot;section-stretched&quot;,&quot;background_background&quot;:&quot;classic&quot;}\">\n\t\t\t\t\t\t<div class=\"elementor-container elementor-column-gap-default\">\n\t\t\t\t\t<div class=\"elementor-column elementor-col-100 elementor-top-column elementor-element elementor-element-5a0b657\" data-id=\"5a0b657\" data-element_type=\"column\">\n\t\t\t<div class=\"elementor-widget-wrap elementor-element-populated\">\n\t\t\t\t\t\t<div class=\"elementor-element elementor-element-c990145 gallery-spacing-custom elementor-widget__width-inherit elementor-widget elementor-widget-image-gallery\" data-id=\"c990145\" data-element_type=\"widget\" data-widget_type=\"image-gallery.default\">\n\t\t\t\t<div class=\"elementor-widget-container\">\n\t\t\t\t\t\t\t<div class=\"elementor-image-gallery\">\n\t\t\t\n\t\t<style type=\"text\/css\">\n\t\t\t#gallery-1 {\n\t\t\t\tmargin: auto;\n\t\t\t}\n\t\t\t#gallery-1 .gallery-item {\n\t\t\t\tfloat: left;\n\t\t\t\tmargin-top: 10px;\n\t\t\t\ttext-align: center;\n\t\t\t\twidth: 25%;\n\t\t\t}\n\t\t\t#gallery-1 img {\n\t\t\t\tborder: 2px solid #cfcfcf;\n\t\t\t}\n\t\t\t#gallery-1 .gallery-caption {\n\t\t\t\tmargin-left: 0;\n\t\t\t}\n\t\t\t\/* see gallery_shortcode() in wp-includes\/media.php *\/\n\t\t<\/style>\n\t\t<div id='gallery-1' class='gallery galleryid-20246 gallery-columns-4 gallery-size-full'><dl class='gallery-item'>\n\t\t\t<dt class='gallery-icon landscape'>\n\t\t\t\t<img decoding=\"async\" width=\"2000\" height=\"2000\" src=\"https:\/\/inoven.com.tr\/wp-content\/uploads\/2023\/03\/DSCF0478.jpg\" class=\"attachment-full size-full\" alt=\"\" srcset=\"https:\/\/inoven.com.tr\/wp-content\/uploads\/2023\/03\/DSCF0478.jpg 2000w, https:\/\/inoven.com.tr\/wp-content\/uploads\/2023\/03\/DSCF0478-300x300.jpg 300w, https:\/\/inoven.com.tr\/wp-content\/uploads\/2023\/03\/DSCF0478-800x800.jpg 800w, https:\/\/inoven.com.tr\/wp-content\/uploads\/2023\/03\/DSCF0478-150x150.jpg 150w, https:\/\/inoven.com.tr\/wp-content\/uploads\/2023\/03\/DSCF0478-768x768.jpg 768w, https:\/\/inoven.com.tr\/wp-content\/uploads\/2023\/03\/DSCF0478-1536x1536.jpg 1536w\" sizes=\"(max-width: 2000px) 100vw, 2000px\" \/>\n\t\t\t<\/dt><\/dl><dl class='gallery-item'>\n\t\t\t<dt class='gallery-icon landscape'>\n\t\t\t\t<img decoding=\"async\" width=\"2000\" height=\"2000\" src=\"https:\/\/inoven.com.tr\/wp-content\/uploads\/2023\/03\/DSCF0401.jpg\" class=\"attachment-full size-full\" alt=\"\" srcset=\"https:\/\/inoven.com.tr\/wp-content\/uploads\/2023\/03\/DSCF0401.jpg 2000w, https:\/\/inoven.com.tr\/wp-content\/uploads\/2023\/03\/DSCF0401-300x300.jpg 300w, https:\/\/inoven.com.tr\/wp-content\/uploads\/2023\/03\/DSCF0401-800x800.jpg 800w, https:\/\/inoven.com.tr\/wp-content\/uploads\/2023\/03\/DSCF0401-150x150.jpg 150w, https:\/\/inoven.com.tr\/wp-content\/uploads\/2023\/03\/DSCF0401-768x768.jpg 768w, https:\/\/inoven.com.tr\/wp-content\/uploads\/2023\/03\/DSCF0401-1536x1536.jpg 1536w\" sizes=\"(max-width: 2000px) 100vw, 2000px\" \/>\n\t\t\t<\/dt><\/dl><dl class='gallery-item'>\n\t\t\t<dt class='gallery-icon landscape'>\n\t\t\t\t<img decoding=\"async\" width=\"2000\" height=\"2000\" src=\"https:\/\/inoven.com.tr\/wp-content\/uploads\/2023\/03\/DSCF0556.jpg\" class=\"attachment-full size-full\" alt=\"\" srcset=\"https:\/\/inoven.com.tr\/wp-content\/uploads\/2023\/03\/DSCF0556.jpg 2000w, https:\/\/inoven.com.tr\/wp-content\/uploads\/2023\/03\/DSCF0556-300x300.jpg 300w, https:\/\/inoven.com.tr\/wp-content\/uploads\/2023\/03\/DSCF0556-800x800.jpg 800w, https:\/\/inoven.com.tr\/wp-content\/uploads\/2023\/03\/DSCF0556-150x150.jpg 150w, https:\/\/inoven.com.tr\/wp-content\/uploads\/2023\/03\/DSCF0556-768x768.jpg 768w, https:\/\/inoven.com.tr\/wp-content\/uploads\/2023\/03\/DSCF0556-1536x1536.jpg 1536w\" sizes=\"(max-width: 2000px) 100vw, 2000px\" \/>\n\t\t\t<\/dt><\/dl><dl class='gallery-item'>\n\t\t\t<dt class='gallery-icon landscape'>\n\t\t\t\t<img decoding=\"async\" width=\"2000\" height=\"2000\" src=\"https:\/\/inoven.com.tr\/wp-content\/uploads\/2023\/03\/DSCF0581.jpg\" class=\"attachment-full size-full\" alt=\"\" srcset=\"https:\/\/inoven.com.tr\/wp-content\/uploads\/2023\/03\/DSCF0581.jpg 2000w, https:\/\/inoven.com.tr\/wp-content\/uploads\/2023\/03\/DSCF0581-300x300.jpg 300w, https:\/\/inoven.com.tr\/wp-content\/uploads\/2023\/03\/DSCF0581-800x800.jpg 800w, https:\/\/inoven.com.tr\/wp-content\/uploads\/2023\/03\/DSCF0581-150x150.jpg 150w, https:\/\/inoven.com.tr\/wp-content\/uploads\/2023\/03\/DSCF0581-768x768.jpg 768w, https:\/\/inoven.com.tr\/wp-content\/uploads\/2023\/03\/DSCF0581-1536x1536.jpg 1536w\" sizes=\"(max-width: 2000px) 100vw, 2000px\" \/>\n\t\t\t<\/dt><\/dl><br style=\"clear: both\" \/><dl class='gallery-item'>\n\t\t\t<dt class='gallery-icon landscape'>\n\t\t\t\t<img decoding=\"async\" width=\"2000\" height=\"2000\" src=\"https:\/\/inoven.com.tr\/wp-content\/uploads\/2023\/03\/DSCF0467.jpg\" class=\"attachment-full size-full\" alt=\"\" srcset=\"https:\/\/inoven.com.tr\/wp-content\/uploads\/2023\/03\/DSCF0467.jpg 2000w, https:\/\/inoven.com.tr\/wp-content\/uploads\/2023\/03\/DSCF0467-300x300.jpg 300w, https:\/\/inoven.com.tr\/wp-content\/uploads\/2023\/03\/DSCF0467-800x800.jpg 800w, https:\/\/inoven.com.tr\/wp-content\/uploads\/2023\/03\/DSCF0467-150x150.jpg 150w, https:\/\/inoven.com.tr\/wp-content\/uploads\/2023\/03\/DSCF0467-768x768.jpg 768w, https:\/\/inoven.com.tr\/wp-content\/uploads\/2023\/03\/DSCF0467-1536x1536.jpg 1536w\" sizes=\"(max-width: 2000px) 100vw, 2000px\" \/>\n\t\t\t<\/dt><\/dl><dl class='gallery-item'>\n\t\t\t<dt class='gallery-icon landscape'>\n\t\t\t\t<img decoding=\"async\" width=\"2000\" height=\"2000\" src=\"https:\/\/inoven.com.tr\/wp-content\/uploads\/2023\/03\/DSCF0448.jpg\" class=\"attachment-full size-full\" alt=\"\" srcset=\"https:\/\/inoven.com.tr\/wp-content\/uploads\/2023\/03\/DSCF0448.jpg 2000w, https:\/\/inoven.com.tr\/wp-content\/uploads\/2023\/03\/DSCF0448-300x300.jpg 300w, https:\/\/inoven.com.tr\/wp-content\/uploads\/2023\/03\/DSCF0448-800x800.jpg 800w, https:\/\/inoven.com.tr\/wp-content\/uploads\/2023\/03\/DSCF0448-150x150.jpg 150w, https:\/\/inoven.com.tr\/wp-content\/uploads\/2023\/03\/DSCF0448-768x768.jpg 768w, https:\/\/inoven.com.tr\/wp-content\/uploads\/2023\/03\/DSCF0448-1536x1536.jpg 1536w\" sizes=\"(max-width: 2000px) 100vw, 2000px\" \/>\n\t\t\t<\/dt><\/dl><dl class='gallery-item'>\n\t\t\t<dt class='gallery-icon landscape'>\n\t\t\t\t<img decoding=\"async\" width=\"2000\" height=\"2000\" src=\"https:\/\/inoven.com.tr\/wp-content\/uploads\/2023\/03\/DSCF0434.jpg\" class=\"attachment-full size-full\" alt=\"\" srcset=\"https:\/\/inoven.com.tr\/wp-content\/uploads\/2023\/03\/DSCF0434.jpg 2000w, https:\/\/inoven.com.tr\/wp-content\/uploads\/2023\/03\/DSCF0434-300x300.jpg 300w, https:\/\/inoven.com.tr\/wp-content\/uploads\/2023\/03\/DSCF0434-800x800.jpg 800w, https:\/\/inoven.com.tr\/wp-content\/uploads\/2023\/03\/DSCF0434-150x150.jpg 150w, https:\/\/inoven.com.tr\/wp-content\/uploads\/2023\/03\/DSCF0434-768x768.jpg 768w, https:\/\/inoven.com.tr\/wp-content\/uploads\/2023\/03\/DSCF0434-1536x1536.jpg 1536w\" sizes=\"(max-width: 2000px) 100vw, 2000px\" \/>\n\t\t\t<\/dt><\/dl><dl class='gallery-item'>\n\t\t\t<dt class='gallery-icon landscape'>\n\t\t\t\t<img decoding=\"async\" width=\"2000\" height=\"2000\" src=\"https:\/\/inoven.com.tr\/wp-content\/uploads\/2023\/03\/DSCF0539.jpg\" class=\"attachment-full size-full\" alt=\"\" srcset=\"https:\/\/inoven.com.tr\/wp-content\/uploads\/2023\/03\/DSCF0539.jpg 2000w, https:\/\/inoven.com.tr\/wp-content\/uploads\/2023\/03\/DSCF0539-300x300.jpg 300w, https:\/\/inoven.com.tr\/wp-content\/uploads\/2023\/03\/DSCF0539-800x800.jpg 800w, https:\/\/inoven.com.tr\/wp-content\/uploads\/2023\/03\/DSCF0539-150x150.jpg 150w, https:\/\/inoven.com.tr\/wp-content\/uploads\/2023\/03\/DSCF0539-768x768.jpg 768w, https:\/\/inoven.com.tr\/wp-content\/uploads\/2023\/03\/DSCF0539-1536x1536.jpg 1536w\" sizes=\"(max-width: 2000px) 100vw, 2000px\" \/>\n\t\t\t<\/dt><\/dl><br style=\"clear: both\" \/>\n\t\t<\/div>\n\t\t<\/div>\n\t\t\t\t\t\t<\/div>\n\t\t\t\t<\/div>\n\t\t\t\t\t<\/div>\n\t\t<\/div>\n\t\t\t\t\t<\/div>\n\t\t<\/section>\n\t\t\t\t<\/div>\n\t\t","protected":false},"excerpt":{"rendered":"<p>\u0130novasyon ve \u0130lerleme S\u00fcreci M\u00fc\u015fterilerin \u00fcretim s\u00fcre\u00e7lerini d\u00fczene sokmalar\u0131na ve kar\u015f\u0131la\u015fabilecekleri her t\u00fcrl\u00fc zorlu\u011fa en uygun \u00e7\u00f6z\u00fcmleri \u00fcretmelerine yard\u0131mc\u0131 olmaya<\/p>\n","protected":false},"author":3,"featured_media":0,"parent":0,"menu_order":0,"comment_status":"closed","ping_status":"closed","template":"","meta":{"footnotes":""},"class_list":["post-20246","page","type-page","status-publish","hentry"],"yoast_head":"<!-- This site is optimized with the Yoast SEO plugin v26.8 - https:\/\/yoast.com\/product\/yoast-seo-wordpress\/ -->\n<title>Tasar\u0131m ve geli\u015ftirme s\u00fcreci - \u0130NOVEN.COM.TR<\/title>\n<meta name=\"description\" content=\"Firmam\u0131zda, f\u0131r\u0131nlar\u0131m\u0131z\u0131n \u00fcst\u00fcn kalitede olmas\u0131n\u0131 ve m\u00fc\u015fteri taleplerini kar\u015f\u0131layacak \u015fekilde uyarlanmas\u0131n\u0131 sa\u011flayan bir \u00fcretim ve geli\u015ftirme s\u00fcrecine sahibiz ve bu yap\u0131y\u0131 korumaktay\u0131z.\" \/>\n<meta name=\"robots\" content=\"index, follow, max-snippet:-1, max-image-preview:large, max-video-preview:-1\" \/>\n<link rel=\"canonical\" href=\"https:\/\/inoven.com.tr\/tr\/tasarim-ve-gelistirme-sureci\/\" \/>\n<meta property=\"og:locale\" content=\"tr_TR\" \/>\n<meta property=\"og:type\" content=\"article\" \/>\n<meta property=\"og:title\" content=\"Tasar\u0131m ve geli\u015ftirme s\u00fcreci - \u0130NOVEN.COM.TR\" \/>\n<meta property=\"og:description\" content=\"Firmam\u0131zda, f\u0131r\u0131nlar\u0131m\u0131z\u0131n \u00fcst\u00fcn kalitede olmas\u0131n\u0131 ve m\u00fc\u015fteri taleplerini kar\u015f\u0131layacak \u015fekilde uyarlanmas\u0131n\u0131 sa\u011flayan bir \u00fcretim ve geli\u015ftirme s\u00fcrecine sahibiz ve bu yap\u0131y\u0131 korumaktay\u0131z.\" \/>\n<meta property=\"og:url\" content=\"https:\/\/inoven.com.tr\/tr\/tasarim-ve-gelistirme-sureci\/\" \/>\n<meta property=\"og:site_name\" content=\"\u0130NOVEN.COM.TR\" \/>\n<meta property=\"article:modified_time\" content=\"2024-07-23T06:50:23+00:00\" \/>\n<meta property=\"og:image\" content=\"https:\/\/inoven.com.tr\/wp-content\/uploads\/2023\/07\/AYFA-400x160.png\" \/>\n<meta name=\"twitter:card\" content=\"summary_large_image\" \/>\n<meta name=\"twitter:label1\" content=\"Tahmini okuma s\u00fcresi\" \/>\n\t<meta name=\"twitter:data1\" content=\"1 dakika\" \/>\n<script type=\"application\/ld+json\" class=\"yoast-schema-graph\">{\"@context\":\"https:\/\/schema.org\",\"@graph\":[{\"@type\":\"WebPage\",\"@id\":\"https:\/\/inoven.com.tr\/tr\/tasarim-ve-gelistirme-sureci\/\",\"url\":\"https:\/\/inoven.com.tr\/tr\/tasarim-ve-gelistirme-sureci\/\",\"name\":\"Tasar\u0131m ve geli\u015ftirme s\u00fcreci - \u0130NOVEN.COM.TR\",\"isPartOf\":{\"@id\":\"https:\/\/inoven.com.tr\/#website\"},\"primaryImageOfPage\":{\"@id\":\"https:\/\/inoven.com.tr\/tr\/tasarim-ve-gelistirme-sureci\/#primaryimage\"},\"image\":{\"@id\":\"https:\/\/inoven.com.tr\/tr\/tasarim-ve-gelistirme-sureci\/#primaryimage\"},\"thumbnailUrl\":\"https:\/\/inoven.com.tr\/wp-content\/uploads\/2023\/07\/AYFA-400x160.png\",\"datePublished\":\"2023-01-23T08:09:51+00:00\",\"dateModified\":\"2024-07-23T06:50:23+00:00\",\"description\":\"Firmam\u0131zda, f\u0131r\u0131nlar\u0131m\u0131z\u0131n \u00fcst\u00fcn kalitede olmas\u0131n\u0131 ve m\u00fc\u015fteri taleplerini kar\u015f\u0131layacak \u015fekilde uyarlanmas\u0131n\u0131 sa\u011flayan bir \u00fcretim ve geli\u015ftirme s\u00fcrecine sahibiz ve bu yap\u0131y\u0131 korumaktay\u0131z.\",\"breadcrumb\":{\"@id\":\"https:\/\/inoven.com.tr\/tr\/tasarim-ve-gelistirme-sureci\/#breadcrumb\"},\"inLanguage\":\"tr\",\"potentialAction\":[{\"@type\":\"ReadAction\",\"target\":[\"https:\/\/inoven.com.tr\/tr\/tasarim-ve-gelistirme-sureci\/\"]}]},{\"@type\":\"ImageObject\",\"inLanguage\":\"tr\",\"@id\":\"https:\/\/inoven.com.tr\/tr\/tasarim-ve-gelistirme-sureci\/#primaryimage\",\"url\":\"https:\/\/inoven.com.tr\/wp-content\/uploads\/2023\/07\/AYFA-400x160.png\",\"contentUrl\":\"https:\/\/inoven.com.tr\/wp-content\/uploads\/2023\/07\/AYFA-400x160.png\"},{\"@type\":\"BreadcrumbList\",\"@id\":\"https:\/\/inoven.com.tr\/tr\/tasarim-ve-gelistirme-sureci\/#breadcrumb\",\"itemListElement\":[{\"@type\":\"ListItem\",\"position\":1,\"name\":\"Home\",\"item\":\"https:\/\/inoven.com.tr\/tr\/\"},{\"@type\":\"ListItem\",\"position\":2,\"name\":\"Tasar\u0131m ve geli\u015ftirme s\u00fcreci\"}]},{\"@type\":\"WebSite\",\"@id\":\"https:\/\/inoven.com.tr\/#website\",\"url\":\"https:\/\/inoven.com.tr\/\",\"name\":\"\u0130NOVEN.COM.TR\",\"description\":\"Innovative Oven Technologies\",\"publisher\":{\"@id\":\"https:\/\/inoven.com.tr\/#organization\"},\"potentialAction\":[{\"@type\":\"SearchAction\",\"target\":{\"@type\":\"EntryPoint\",\"urlTemplate\":\"https:\/\/inoven.com.tr\/?s={search_term_string}\"},\"query-input\":{\"@type\":\"PropertyValueSpecification\",\"valueRequired\":true,\"valueName\":\"search_term_string\"}}],\"inLanguage\":\"tr\"},{\"@type\":\"Organization\",\"@id\":\"https:\/\/inoven.com.tr\/#organization\",\"name\":\"\u0130noven Firin Makineleri Sanayi Ve Ticaret Limited \u015eerketi\",\"url\":\"https:\/\/inoven.com.tr\/\",\"logo\":{\"@type\":\"ImageObject\",\"inLanguage\":\"tr\",\"@id\":\"https:\/\/inoven.com.tr\/#\/schema\/logo\/image\/\",\"url\":\"https:\/\/inoven.com.tr\/wp-content\/uploads\/2023\/07\/specsheet-nicea15d.jpg\",\"contentUrl\":\"https:\/\/inoven.com.tr\/wp-content\/uploads\/2023\/07\/specsheet-nicea15d.jpg\",\"width\":357,\"height\":373,\"caption\":\"\u0130noven Firin Makineleri Sanayi Ve Ticaret Limited \u015eerketi\"},\"image\":{\"@id\":\"https:\/\/inoven.com.tr\/#\/schema\/logo\/image\/\"}}]}<\/script>\n<!-- \/ Yoast SEO plugin. -->","yoast_head_json":{"title":"Tasar\u0131m ve geli\u015ftirme s\u00fcreci - \u0130NOVEN.COM.TR","description":"Firmam\u0131zda, f\u0131r\u0131nlar\u0131m\u0131z\u0131n \u00fcst\u00fcn kalitede olmas\u0131n\u0131 ve m\u00fc\u015fteri taleplerini kar\u015f\u0131layacak \u015fekilde uyarlanmas\u0131n\u0131 sa\u011flayan bir \u00fcretim ve geli\u015ftirme s\u00fcrecine sahibiz ve bu yap\u0131y\u0131 korumaktay\u0131z.","robots":{"index":"index","follow":"follow","max-snippet":"max-snippet:-1","max-image-preview":"max-image-preview:large","max-video-preview":"max-video-preview:-1"},"canonical":"https:\/\/inoven.com.tr\/tr\/tasarim-ve-gelistirme-sureci\/","og_locale":"tr_TR","og_type":"article","og_title":"Tasar\u0131m ve geli\u015ftirme s\u00fcreci - \u0130NOVEN.COM.TR","og_description":"Firmam\u0131zda, f\u0131r\u0131nlar\u0131m\u0131z\u0131n \u00fcst\u00fcn kalitede olmas\u0131n\u0131 ve m\u00fc\u015fteri taleplerini kar\u015f\u0131layacak \u015fekilde uyarlanmas\u0131n\u0131 sa\u011flayan bir \u00fcretim ve geli\u015ftirme s\u00fcrecine sahibiz ve bu yap\u0131y\u0131 korumaktay\u0131z.","og_url":"https:\/\/inoven.com.tr\/tr\/tasarim-ve-gelistirme-sureci\/","og_site_name":"\u0130NOVEN.COM.TR","article_modified_time":"2024-07-23T06:50:23+00:00","og_image":[{"url":"https:\/\/inoven.com.tr\/wp-content\/uploads\/2023\/07\/AYFA-400x160.png","type":"","width":"","height":""}],"twitter_card":"summary_large_image","twitter_misc":{"Tahmini okuma s\u00fcresi":"1 dakika"},"schema":{"@context":"https:\/\/schema.org","@graph":[{"@type":"WebPage","@id":"https:\/\/inoven.com.tr\/tr\/tasarim-ve-gelistirme-sureci\/","url":"https:\/\/inoven.com.tr\/tr\/tasarim-ve-gelistirme-sureci\/","name":"Tasar\u0131m ve geli\u015ftirme s\u00fcreci - \u0130NOVEN.COM.TR","isPartOf":{"@id":"https:\/\/inoven.com.tr\/#website"},"primaryImageOfPage":{"@id":"https:\/\/inoven.com.tr\/tr\/tasarim-ve-gelistirme-sureci\/#primaryimage"},"image":{"@id":"https:\/\/inoven.com.tr\/tr\/tasarim-ve-gelistirme-sureci\/#primaryimage"},"thumbnailUrl":"https:\/\/inoven.com.tr\/wp-content\/uploads\/2023\/07\/AYFA-400x160.png","datePublished":"2023-01-23T08:09:51+00:00","dateModified":"2024-07-23T06:50:23+00:00","description":"Firmam\u0131zda, f\u0131r\u0131nlar\u0131m\u0131z\u0131n \u00fcst\u00fcn kalitede olmas\u0131n\u0131 ve m\u00fc\u015fteri taleplerini kar\u015f\u0131layacak \u015fekilde uyarlanmas\u0131n\u0131 sa\u011flayan bir \u00fcretim ve geli\u015ftirme s\u00fcrecine sahibiz ve bu yap\u0131y\u0131 korumaktay\u0131z.","breadcrumb":{"@id":"https:\/\/inoven.com.tr\/tr\/tasarim-ve-gelistirme-sureci\/#breadcrumb"},"inLanguage":"tr","potentialAction":[{"@type":"ReadAction","target":["https:\/\/inoven.com.tr\/tr\/tasarim-ve-gelistirme-sureci\/"]}]},{"@type":"ImageObject","inLanguage":"tr","@id":"https:\/\/inoven.com.tr\/tr\/tasarim-ve-gelistirme-sureci\/#primaryimage","url":"https:\/\/inoven.com.tr\/wp-content\/uploads\/2023\/07\/AYFA-400x160.png","contentUrl":"https:\/\/inoven.com.tr\/wp-content\/uploads\/2023\/07\/AYFA-400x160.png"},{"@type":"BreadcrumbList","@id":"https:\/\/inoven.com.tr\/tr\/tasarim-ve-gelistirme-sureci\/#breadcrumb","itemListElement":[{"@type":"ListItem","position":1,"name":"Home","item":"https:\/\/inoven.com.tr\/tr\/"},{"@type":"ListItem","position":2,"name":"Tasar\u0131m ve geli\u015ftirme s\u00fcreci"}]},{"@type":"WebSite","@id":"https:\/\/inoven.com.tr\/#website","url":"https:\/\/inoven.com.tr\/","name":"\u0130NOVEN.COM.TR","description":"Innovative Oven Technologies","publisher":{"@id":"https:\/\/inoven.com.tr\/#organization"},"potentialAction":[{"@type":"SearchAction","target":{"@type":"EntryPoint","urlTemplate":"https:\/\/inoven.com.tr\/?s={search_term_string}"},"query-input":{"@type":"PropertyValueSpecification","valueRequired":true,"valueName":"search_term_string"}}],"inLanguage":"tr"},{"@type":"Organization","@id":"https:\/\/inoven.com.tr\/#organization","name":"\u0130noven Firin Makineleri Sanayi Ve Ticaret Limited \u015eerketi","url":"https:\/\/inoven.com.tr\/","logo":{"@type":"ImageObject","inLanguage":"tr","@id":"https:\/\/inoven.com.tr\/#\/schema\/logo\/image\/","url":"https:\/\/inoven.com.tr\/wp-content\/uploads\/2023\/07\/specsheet-nicea15d.jpg","contentUrl":"https:\/\/inoven.com.tr\/wp-content\/uploads\/2023\/07\/specsheet-nicea15d.jpg","width":357,"height":373,"caption":"\u0130noven Firin Makineleri Sanayi Ve Ticaret Limited \u015eerketi"},"image":{"@id":"https:\/\/inoven.com.tr\/#\/schema\/logo\/image\/"}}]}},"_links":{"self":[{"href":"https:\/\/inoven.com.tr\/tr\/wp-json\/wp\/v2\/pages\/20246","targetHints":{"allow":["GET"]}}],"collection":[{"href":"https:\/\/inoven.com.tr\/tr\/wp-json\/wp\/v2\/pages"}],"about":[{"href":"https:\/\/inoven.com.tr\/tr\/wp-json\/wp\/v2\/types\/page"}],"author":[{"embeddable":true,"href":"https:\/\/inoven.com.tr\/tr\/wp-json\/wp\/v2\/users\/3"}],"replies":[{"embeddable":true,"href":"https:\/\/inoven.com.tr\/tr\/wp-json\/wp\/v2\/comments?post=20246"}],"version-history":[{"count":8,"href":"https:\/\/inoven.com.tr\/tr\/wp-json\/wp\/v2\/pages\/20246\/revisions"}],"predecessor-version":[{"id":27192,"href":"https:\/\/inoven.com.tr\/tr\/wp-json\/wp\/v2\/pages\/20246\/revisions\/27192"}],"wp:attachment":[{"href":"https:\/\/inoven.com.tr\/tr\/wp-json\/wp\/v2\/media?parent=20246"}],"curies":[{"name":"wp","href":"https:\/\/api.w.org\/{rel}","templated":true}]}}