{"id":27187,"date":"2024-07-01T17:15:36","date_gmt":"2024-07-01T14:15:36","guid":{"rendered":"https:\/\/inoven.com.tr\/kataloglar\/"},"modified":"2025-11-12T11:59:42","modified_gmt":"2025-11-12T08:59:42","slug":"kataloglar","status":"publish","type":"page","link":"https:\/\/inoven.com.tr\/tr\/kataloglar\/","title":{"rendered":"Kataloglar"},"content":{"rendered":"\t\t<div data-elementor-type=\"wp-page\" data-elementor-id=\"27187\" class=\"elementor elementor-27187 elementor-27051\" data-elementor-post-type=\"page\">\n\t\t\t\t\t\t<section class=\"wd-negative-gap elementor-section elementor-top-section elementor-element elementor-element-8129c5a elementor-section-boxed elementor-section-height-default elementor-section-height-default\" data-id=\"8129c5a\" data-element_type=\"section\">\n\t\t\t\t\t\t<div class=\"elementor-container elementor-column-gap-default\">\n\t\t\t\t\t<div class=\"elementor-column elementor-col-100 elementor-top-column elementor-element elementor-element-331436b\" data-id=\"331436b\" data-element_type=\"column\">\n\t\t\t<div class=\"elementor-widget-wrap elementor-element-populated\">\n\t\t\t\t\t\t<div class=\"elementor-element elementor-element-2a0623c wd-width-100 elementor-widget elementor-widget-wd_title\" data-id=\"2a0623c\" data-element_type=\"widget\" data-widget_type=\"wd_title.default\">\n\t\t\t\t<div class=\"elementor-widget-container\">\n\t\t\t\t\t\t\t<div class=\"title-wrapper wd-set-mb reset-last-child wd-title-color-default wd-title-style-default wd-title-size-default text-center\">\n\n\t\t\t\n\t\t\t<div class=\"liner-continer\">\n\t\t\t\t<h4 class=\"woodmart-title-container title wd-fontsize-l\">Katalog<\/h4> \n\t\t\t\t\t\t\t<\/div>\n\n\t\t\t\t\t\t\t<div class=\"title-after_title reset-last-child wd-fontsize-xs\">\n\t\t\t\t\t<p>Ayr\u0131nt\u0131l\u0131 \u00fcr\u00fcn bilgileri ve teknik \u00f6zellikler i\u00e7in \u00dcr\u00fcn Katalo\u011fumuzu ke\u015ffedin. \u00c7e\u015fitli stillerde mevcut ve ileri teknolojilerle donat\u0131lm\u0131\u015f y\u00fcksek performansl\u0131 f\u0131r\u0131n grubumuzu ke\u015ffedin. \u0130\u015fletmeniz i\u00e7in m\u00fckemmel f\u0131r\u0131n\u0131 bulmak i\u00e7in \u015fimdi <strong><span style=\"color: #ff0000\">indir<\/span><\/strong>.<\/p>\t\t\t\t<\/div>\n\t\t\t\t\t<\/div>\n\t\t\t\t\t\t<\/div>\n\t\t\t\t<\/div>\n\t\t\t\t\t<\/div>\n\t\t<\/div>\n\t\t\t\t\t<\/div>\n\t\t<\/section>\n\t\t\t\t<section class=\"wd-negative-gap elementor-section elementor-top-section elementor-element elementor-element-2eaa2f6b elementor-section-boxed elementor-section-height-default elementor-section-height-default\" data-id=\"2eaa2f6b\" data-element_type=\"section\">\n\t\t\t\t\t\t<div class=\"elementor-container elementor-column-gap-default\">\n\t\t\t\t\t<div class=\"elementor-column elementor-col-50 elementor-top-column elementor-element elementor-element-5464ea8e\" data-id=\"5464ea8e\" data-element_type=\"column\">\n\t\t\t<div class=\"elementor-widget-wrap elementor-element-populated\">\n\t\t\t\t\t\t<div class=\"elementor-element elementor-element-27f38f60 elementor-widget elementor-widget-wd_banner\" data-id=\"27f38f60\" data-element_type=\"widget\" data-widget_type=\"wd_banner.default\">\n\t\t\t\t<div class=\"elementor-widget-container\">\n\t\t\t\t\t\t\t<div class=\"promo-banner-wrapper\">\n\t\t\t<div class=\"promo-banner banner-default banner-hover-zoom color-scheme-dark banner-btn-size-large banner-btn-style-link with-btn banner-btn-position-static wd-with-link\">\n\t\t\t\t<div class=\"main-wrapp-img\">\n\t\t\t\t\t<div class=\"banner-image wd-without-height\">\n\t\t\t\t\t\t\t\t\t\t\t\t\t\t\t\t\t\t\t\t\t<img decoding=\"async\" width=\"2000\" height=\"2000\" src=\"https:\/\/inoven.com.tr\/wp-content\/uploads\/2024\/07\/catalog-2.jpg\" class=\"attachment-full size-full\" alt=\"\" srcset=\"https:\/\/inoven.com.tr\/wp-content\/uploads\/2024\/07\/catalog-2.jpg 2000w, https:\/\/inoven.com.tr\/wp-content\/uploads\/2024\/07\/catalog-2-300x300.jpg 300w, https:\/\/inoven.com.tr\/wp-content\/uploads\/2024\/07\/catalog-2-800x800.jpg 800w, https:\/\/inoven.com.tr\/wp-content\/uploads\/2024\/07\/catalog-2-150x150.jpg 150w, https:\/\/inoven.com.tr\/wp-content\/uploads\/2024\/07\/catalog-2-768x768.jpg 768w, https:\/\/inoven.com.tr\/wp-content\/uploads\/2024\/07\/catalog-2-1536x1536.jpg 1536w\" sizes=\"(max-width: 2000px) 100vw, 2000px\" \/>\t\t\t\t\t\t\t\t\t\t\t\t\t\t\t\t\t\t<\/div>\n\t\t\t\t<\/div>\n\n\t\t\t\t<div class=\"wrapper-content-banner wd-fill wd-items-top wd-justify-left\">\n\t\t\t\t\t<div class=\"content-banner  text-left\">\n\t\t\t\t\t\t\n\t\t\t\t\t\t\t\t\t\t\t\t\t<h4 class=\"banner-title \" data-elementor-setting-key=\"title\">\n\t\t\t\t\t\t\t\t\u0130ngilizce \u00dcr\u00fcn Katalo\u011fu\t\t\t\t\t\t\t<\/h4>\n\t\t\t\t\t\t\n\t\t\t\t\t\t\n\t\t\t\t\t\t\n\t\t\t\t\t\t\t\t\t\t\t\t\t<div class=\"banner-btn-wrapper\">\n\t\t\t\t\t\t\t\t\t\t<div class=\"wd-button-wrapper text-left\" >\n\t\t\t<a class=\"btn btn-style-link btn-shape- btn-size-large btn-color-primary btn-icon-pos-right\"  href=\"https:\/\/inoven.com.tr\/wp-content\/uploads\/2025\/11\/inoven-catalogue-english.pdf\">\n\t\t\t\t<span class=\"wd-btn-text\" data-elementor-setting-key=\"text\">\n\t\t\t\t\t\u0130ndir\t\t\t\t<\/span>\n\n\t\t\t\t\t\t\t<\/a>\n\t\t<\/div>\n\t\t\t\t\t\t\t\t\t<\/div>\n\t\t\t\t\t\t\t\t\t\t\t<\/div>\n\t\t\t\t<\/div>\n\n\t\t\t\t\t\t\t\t\t<a href=\"https:\/\/inoven.com.tr\/wp-content\/uploads\/2025\/11\/inoven-catalogue-english.pdf\" class=\"wd-promo-banner-link wd-fill\" aria-label=\"Banner link\"><\/a>\n\t\t\t\t\t\t\t<\/div>\n\t\t<\/div>\n\t\t\t\t\t\t<\/div>\n\t\t\t\t<\/div>\n\t\t\t\t\t<\/div>\n\t\t<\/div>\n\t\t\t\t<div class=\"elementor-column elementor-col-50 elementor-top-column elementor-element elementor-element-d7b45b0\" data-id=\"d7b45b0\" data-element_type=\"column\">\n\t\t\t<div class=\"elementor-widget-wrap elementor-element-populated\">\n\t\t\t\t\t\t<section class=\"wd-negative-gap elementor-section elementor-inner-section elementor-element elementor-element-69e93d8 elementor-section-boxed elementor-section-height-default elementor-section-height-default\" data-id=\"69e93d8\" data-element_type=\"section\">\n\t\t\t\t\t\t<div class=\"elementor-container elementor-column-gap-default\">\n\t\t\t\t\t<div class=\"elementor-column elementor-col-100 elementor-inner-column elementor-element elementor-element-6e5f41ca\" data-id=\"6e5f41ca\" data-element_type=\"column\">\n\t\t\t<div class=\"elementor-widget-wrap elementor-element-populated\">\n\t\t\t\t\t\t<div class=\"elementor-element elementor-element-d530ccb elementor-widget elementor-widget-wd_banner\" data-id=\"d530ccb\" data-element_type=\"widget\" data-widget_type=\"wd_banner.default\">\n\t\t\t\t<div class=\"elementor-widget-container\">\n\t\t\t\t\t\t\t<div class=\"promo-banner-wrapper\">\n\t\t\t<div class=\"promo-banner banner-default banner-hover-zoom color-scheme-dark banner-btn-size-large banner-btn-style-link with-btn banner-btn-position-static wd-with-link\">\n\t\t\t\t<div class=\"main-wrapp-img\">\n\t\t\t\t\t<div class=\"banner-image wd-without-height\">\n\t\t\t\t\t\t\t\t\t\t\t\t\t\t\t\t\t\t\t\t\t<img decoding=\"async\" width=\"1500\" height=\"1500\" src=\"https:\/\/inoven.com.tr\/wp-content\/uploads\/2024\/07\/asfdqwerf.jpg\" class=\"attachment-full size-full\" alt=\"\" srcset=\"https:\/\/inoven.com.tr\/wp-content\/uploads\/2024\/07\/asfdqwerf.jpg 1500w, https:\/\/inoven.com.tr\/wp-content\/uploads\/2024\/07\/asfdqwerf-300x300.jpg 300w, https:\/\/inoven.com.tr\/wp-content\/uploads\/2024\/07\/asfdqwerf-800x800.jpg 800w, https:\/\/inoven.com.tr\/wp-content\/uploads\/2024\/07\/asfdqwerf-150x150.jpg 150w, https:\/\/inoven.com.tr\/wp-content\/uploads\/2024\/07\/asfdqwerf-768x768.jpg 768w\" sizes=\"(max-width: 1500px) 100vw, 1500px\" \/>\t\t\t\t\t\t\t\t\t\t\t\t\t\t\t\t\t\t<\/div>\n\t\t\t\t<\/div>\n\n\t\t\t\t<div class=\"wrapper-content-banner wd-fill wd-items-top wd-justify-left\">\n\t\t\t\t\t<div class=\"content-banner  text-left\">\n\t\t\t\t\t\t\n\t\t\t\t\t\t\t\t\t\t\t\t\t<h4 class=\"banner-title \" data-elementor-setting-key=\"title\">\n\t\t\t\t\t\t\t\tT\u00fcrk\u00e7e \u00dcr\u00fcn Katalo\u011fu\t\t\t\t\t\t\t<\/h4>\n\t\t\t\t\t\t\n\t\t\t\t\t\t\n\t\t\t\t\t\t\n\t\t\t\t\t\t\t\t\t\t\t\t\t<div class=\"banner-btn-wrapper\">\n\t\t\t\t\t\t\t\t\t\t<div class=\"wd-button-wrapper text-left\" >\n\t\t\t<a class=\"btn btn-style-link btn-shape- btn-size-large btn-color-primary btn-icon-pos-right\"  href=\"https:\/\/inoven.com.tr\/wp-content\/uploads\/2025\/11\/inoven-katalog-turkce.pdf\">\n\t\t\t\t<span class=\"wd-btn-text\" data-elementor-setting-key=\"text\">\n\t\t\t\t\t\u0130ndir\t\t\t\t<\/span>\n\n\t\t\t\t\t\t\t<\/a>\n\t\t<\/div>\n\t\t\t\t\t\t\t\t\t<\/div>\n\t\t\t\t\t\t\t\t\t\t\t<\/div>\n\t\t\t\t<\/div>\n\n\t\t\t\t\t\t\t\t\t<a href=\"https:\/\/inoven.com.tr\/wp-content\/uploads\/2025\/11\/inoven-katalog-turkce.pdf\" class=\"wd-promo-banner-link wd-fill\" aria-label=\"Banner link\"><\/a>\n\t\t\t\t\t\t\t<\/div>\n\t\t<\/div>\n\t\t\t\t\t\t<\/div>\n\t\t\t\t<\/div>\n\t\t\t\t\t<\/div>\n\t\t<\/div>\n\t\t\t\t\t<\/div>\n\t\t<\/section>\n\t\t\t\t\t<\/div>\n\t\t<\/div>\n\t\t\t\t\t<\/div>\n\t\t<\/section>\n\t\t\t\t<\/div>\n\t\t","protected":false},"excerpt":{"rendered":"<p>Katalog Ayr\u0131nt\u0131l\u0131 \u00fcr\u00fcn bilgileri ve teknik \u00f6zellikler i\u00e7in \u00dcr\u00fcn Katalo\u011fumuzu ke\u015ffedin. \u00c7e\u015fitli stillerde mevcut ve ileri teknolojilerle donat\u0131lm\u0131\u015f y\u00fcksek performansl\u0131<\/p>\n","protected":false},"author":3,"featured_media":0,"parent":0,"menu_order":0,"comment_status":"closed","ping_status":"closed","template":"","meta":{"footnotes":""},"class_list":["post-27187","page","type-page","status-publish","hentry"],"yoast_head":"<!-- This site is optimized with the Yoast SEO plugin v26.8 - https:\/\/yoast.com\/product\/yoast-seo-wordpress\/ -->\n<title>Kataloglar - \u0130NOVEN.COM.TR<\/title>\n<meta name=\"description\" content=\"Ayr\u0131nt\u0131l\u0131 \u00fcr\u00fcn bilgileri ve teknik \u00f6zellikler i\u00e7in \u00dcr\u00fcn Katalo\u011fumuzu ke\u015ffedin. Y\u00fcksek performansl\u0131 f\u0131r\u0131n grubumuzu ke\u015ffedin.\" \/>\n<meta name=\"robots\" content=\"index, follow, max-snippet:-1, max-image-preview:large, max-video-preview:-1\" \/>\n<link rel=\"canonical\" href=\"https:\/\/inoven.com.tr\/tr\/kataloglar\/\" \/>\n<meta property=\"og:locale\" content=\"tr_TR\" \/>\n<meta property=\"og:type\" content=\"article\" \/>\n<meta property=\"og:title\" content=\"Kataloglar - \u0130NOVEN.COM.TR\" \/>\n<meta property=\"og:description\" content=\"Ayr\u0131nt\u0131l\u0131 \u00fcr\u00fcn bilgileri ve teknik \u00f6zellikler i\u00e7in \u00dcr\u00fcn Katalo\u011fumuzu ke\u015ffedin. Y\u00fcksek performansl\u0131 f\u0131r\u0131n grubumuzu ke\u015ffedin.\" \/>\n<meta property=\"og:url\" content=\"https:\/\/inoven.com.tr\/tr\/kataloglar\/\" \/>\n<meta property=\"og:site_name\" content=\"\u0130NOVEN.COM.TR\" \/>\n<meta property=\"article:modified_time\" content=\"2025-11-12T08:59:42+00:00\" \/>\n<meta property=\"og:image\" content=\"https:\/\/inoven.com.tr\/wp-content\/uploads\/2024\/07\/catalog-2.jpg\" \/>\n<meta name=\"twitter:card\" content=\"summary_large_image\" \/>\n<meta name=\"twitter:label1\" content=\"Tahmini okuma s\u00fcresi\" \/>\n\t<meta name=\"twitter:data1\" content=\"1 dakika\" \/>\n<script type=\"application\/ld+json\" class=\"yoast-schema-graph\">{\"@context\":\"https:\/\/schema.org\",\"@graph\":[{\"@type\":\"WebPage\",\"@id\":\"https:\/\/inoven.com.tr\/tr\/kataloglar\/\",\"url\":\"https:\/\/inoven.com.tr\/tr\/kataloglar\/\",\"name\":\"Kataloglar - \u0130NOVEN.COM.TR\",\"isPartOf\":{\"@id\":\"https:\/\/inoven.com.tr\/#website\"},\"primaryImageOfPage\":{\"@id\":\"https:\/\/inoven.com.tr\/tr\/kataloglar\/#primaryimage\"},\"image\":{\"@id\":\"https:\/\/inoven.com.tr\/tr\/kataloglar\/#primaryimage\"},\"thumbnailUrl\":\"https:\/\/inoven.com.tr\/wp-content\/uploads\/2024\/07\/catalog-2.jpg\",\"datePublished\":\"2024-07-01T14:15:36+00:00\",\"dateModified\":\"2025-11-12T08:59:42+00:00\",\"description\":\"Ayr\u0131nt\u0131l\u0131 \u00fcr\u00fcn bilgileri ve teknik \u00f6zellikler i\u00e7in \u00dcr\u00fcn Katalo\u011fumuzu ke\u015ffedin. Y\u00fcksek performansl\u0131 f\u0131r\u0131n grubumuzu ke\u015ffedin.\",\"breadcrumb\":{\"@id\":\"https:\/\/inoven.com.tr\/tr\/kataloglar\/#breadcrumb\"},\"inLanguage\":\"tr\",\"potentialAction\":[{\"@type\":\"ReadAction\",\"target\":[\"https:\/\/inoven.com.tr\/tr\/kataloglar\/\"]}]},{\"@type\":\"ImageObject\",\"inLanguage\":\"tr\",\"@id\":\"https:\/\/inoven.com.tr\/tr\/kataloglar\/#primaryimage\",\"url\":\"https:\/\/inoven.com.tr\/wp-content\/uploads\/2024\/07\/catalog-2.jpg\",\"contentUrl\":\"https:\/\/inoven.com.tr\/wp-content\/uploads\/2024\/07\/catalog-2.jpg\"},{\"@type\":\"BreadcrumbList\",\"@id\":\"https:\/\/inoven.com.tr\/tr\/kataloglar\/#breadcrumb\",\"itemListElement\":[{\"@type\":\"ListItem\",\"position\":1,\"name\":\"Home\",\"item\":\"https:\/\/inoven.com.tr\/tr\/\"},{\"@type\":\"ListItem\",\"position\":2,\"name\":\"Kataloglar\"}]},{\"@type\":\"WebSite\",\"@id\":\"https:\/\/inoven.com.tr\/#website\",\"url\":\"https:\/\/inoven.com.tr\/\",\"name\":\"\u0130NOVEN.COM.TR\",\"description\":\"Innovative Oven Technologies\",\"publisher\":{\"@id\":\"https:\/\/inoven.com.tr\/#organization\"},\"potentialAction\":[{\"@type\":\"SearchAction\",\"target\":{\"@type\":\"EntryPoint\",\"urlTemplate\":\"https:\/\/inoven.com.tr\/?s={search_term_string}\"},\"query-input\":{\"@type\":\"PropertyValueSpecification\",\"valueRequired\":true,\"valueName\":\"search_term_string\"}}],\"inLanguage\":\"tr\"},{\"@type\":\"Organization\",\"@id\":\"https:\/\/inoven.com.tr\/#organization\",\"name\":\"\u0130noven Firin Makineleri Sanayi Ve Ticaret Limited \u015eerketi\",\"url\":\"https:\/\/inoven.com.tr\/\",\"logo\":{\"@type\":\"ImageObject\",\"inLanguage\":\"tr\",\"@id\":\"https:\/\/inoven.com.tr\/#\/schema\/logo\/image\/\",\"url\":\"https:\/\/inoven.com.tr\/wp-content\/uploads\/2023\/07\/specsheet-nicea15d.jpg\",\"contentUrl\":\"https:\/\/inoven.com.tr\/wp-content\/uploads\/2023\/07\/specsheet-nicea15d.jpg\",\"width\":357,\"height\":373,\"caption\":\"\u0130noven Firin Makineleri Sanayi Ve Ticaret Limited \u015eerketi\"},\"image\":{\"@id\":\"https:\/\/inoven.com.tr\/#\/schema\/logo\/image\/\"}}]}<\/script>\n<!-- \/ Yoast SEO plugin. -->","yoast_head_json":{"title":"Kataloglar - \u0130NOVEN.COM.TR","description":"Ayr\u0131nt\u0131l\u0131 \u00fcr\u00fcn bilgileri ve teknik \u00f6zellikler i\u00e7in \u00dcr\u00fcn Katalo\u011fumuzu ke\u015ffedin. Y\u00fcksek performansl\u0131 f\u0131r\u0131n grubumuzu ke\u015ffedin.","robots":{"index":"index","follow":"follow","max-snippet":"max-snippet:-1","max-image-preview":"max-image-preview:large","max-video-preview":"max-video-preview:-1"},"canonical":"https:\/\/inoven.com.tr\/tr\/kataloglar\/","og_locale":"tr_TR","og_type":"article","og_title":"Kataloglar - \u0130NOVEN.COM.TR","og_description":"Ayr\u0131nt\u0131l\u0131 \u00fcr\u00fcn bilgileri ve teknik \u00f6zellikler i\u00e7in \u00dcr\u00fcn Katalo\u011fumuzu ke\u015ffedin. Y\u00fcksek performansl\u0131 f\u0131r\u0131n grubumuzu ke\u015ffedin.","og_url":"https:\/\/inoven.com.tr\/tr\/kataloglar\/","og_site_name":"\u0130NOVEN.COM.TR","article_modified_time":"2025-11-12T08:59:42+00:00","og_image":[{"url":"https:\/\/inoven.com.tr\/wp-content\/uploads\/2024\/07\/catalog-2.jpg","type":"","width":"","height":""}],"twitter_card":"summary_large_image","twitter_misc":{"Tahmini okuma s\u00fcresi":"1 dakika"},"schema":{"@context":"https:\/\/schema.org","@graph":[{"@type":"WebPage","@id":"https:\/\/inoven.com.tr\/tr\/kataloglar\/","url":"https:\/\/inoven.com.tr\/tr\/kataloglar\/","name":"Kataloglar - \u0130NOVEN.COM.TR","isPartOf":{"@id":"https:\/\/inoven.com.tr\/#website"},"primaryImageOfPage":{"@id":"https:\/\/inoven.com.tr\/tr\/kataloglar\/#primaryimage"},"image":{"@id":"https:\/\/inoven.com.tr\/tr\/kataloglar\/#primaryimage"},"thumbnailUrl":"https:\/\/inoven.com.tr\/wp-content\/uploads\/2024\/07\/catalog-2.jpg","datePublished":"2024-07-01T14:15:36+00:00","dateModified":"2025-11-12T08:59:42+00:00","description":"Ayr\u0131nt\u0131l\u0131 \u00fcr\u00fcn bilgileri ve teknik \u00f6zellikler i\u00e7in \u00dcr\u00fcn Katalo\u011fumuzu ke\u015ffedin. Y\u00fcksek performansl\u0131 f\u0131r\u0131n grubumuzu ke\u015ffedin.","breadcrumb":{"@id":"https:\/\/inoven.com.tr\/tr\/kataloglar\/#breadcrumb"},"inLanguage":"tr","potentialAction":[{"@type":"ReadAction","target":["https:\/\/inoven.com.tr\/tr\/kataloglar\/"]}]},{"@type":"ImageObject","inLanguage":"tr","@id":"https:\/\/inoven.com.tr\/tr\/kataloglar\/#primaryimage","url":"https:\/\/inoven.com.tr\/wp-content\/uploads\/2024\/07\/catalog-2.jpg","contentUrl":"https:\/\/inoven.com.tr\/wp-content\/uploads\/2024\/07\/catalog-2.jpg"},{"@type":"BreadcrumbList","@id":"https:\/\/inoven.com.tr\/tr\/kataloglar\/#breadcrumb","itemListElement":[{"@type":"ListItem","position":1,"name":"Home","item":"https:\/\/inoven.com.tr\/tr\/"},{"@type":"ListItem","position":2,"name":"Kataloglar"}]},{"@type":"WebSite","@id":"https:\/\/inoven.com.tr\/#website","url":"https:\/\/inoven.com.tr\/","name":"\u0130NOVEN.COM.TR","description":"Innovative Oven Technologies","publisher":{"@id":"https:\/\/inoven.com.tr\/#organization"},"potentialAction":[{"@type":"SearchAction","target":{"@type":"EntryPoint","urlTemplate":"https:\/\/inoven.com.tr\/?s={search_term_string}"},"query-input":{"@type":"PropertyValueSpecification","valueRequired":true,"valueName":"search_term_string"}}],"inLanguage":"tr"},{"@type":"Organization","@id":"https:\/\/inoven.com.tr\/#organization","name":"\u0130noven Firin Makineleri Sanayi Ve Ticaret Limited \u015eerketi","url":"https:\/\/inoven.com.tr\/","logo":{"@type":"ImageObject","inLanguage":"tr","@id":"https:\/\/inoven.com.tr\/#\/schema\/logo\/image\/","url":"https:\/\/inoven.com.tr\/wp-content\/uploads\/2023\/07\/specsheet-nicea15d.jpg","contentUrl":"https:\/\/inoven.com.tr\/wp-content\/uploads\/2023\/07\/specsheet-nicea15d.jpg","width":357,"height":373,"caption":"\u0130noven Firin Makineleri Sanayi Ve Ticaret Limited \u015eerketi"},"image":{"@id":"https:\/\/inoven.com.tr\/#\/schema\/logo\/image\/"}}]}},"_links":{"self":[{"href":"https:\/\/inoven.com.tr\/tr\/wp-json\/wp\/v2\/pages\/27187","targetHints":{"allow":["GET"]}}],"collection":[{"href":"https:\/\/inoven.com.tr\/tr\/wp-json\/wp\/v2\/pages"}],"about":[{"href":"https:\/\/inoven.com.tr\/tr\/wp-json\/wp\/v2\/types\/page"}],"author":[{"embeddable":true,"href":"https:\/\/inoven.com.tr\/tr\/wp-json\/wp\/v2\/users\/3"}],"replies":[{"embeddable":true,"href":"https:\/\/inoven.com.tr\/tr\/wp-json\/wp\/v2\/comments?post=27187"}],"version-history":[{"count":4,"href":"https:\/\/inoven.com.tr\/tr\/wp-json\/wp\/v2\/pages\/27187\/revisions"}],"predecessor-version":[{"id":27453,"href":"https:\/\/inoven.com.tr\/tr\/wp-json\/wp\/v2\/pages\/27187\/revisions\/27453"}],"wp:attachment":[{"href":"https:\/\/inoven.com.tr\/tr\/wp-json\/wp\/v2\/media?parent=27187"}],"curies":[{"name":"wp","href":"https:\/\/api.w.org\/{rel}","templated":true}]}}